{"id":240,"date":"2024-03-27T00:37:15","date_gmt":"2024-03-27T00:37:15","guid":{"rendered":"https:\/\/expertgrass.com\/?page_id=240"},"modified":"2024-04-19T02:42:01","modified_gmt":"2024-04-19T02:42:01","slug":"servicios","status":"publish","type":"page","link":"https:\/\/expertgrass.com\/index.php\/servicios\/","title":{"rendered":"Servicios"},"content":{"rendered":"\t\t<div data-elementor-type=\"wp-page\" data-elementor-id=\"240\" class=\"elementor elementor-240\" data-elementor-post-type=\"page\">\n\t\t\t\t<div class=\"elementor-element elementor-element-873b74b e-con-full e-flex e-con e-parent\" data-id=\"873b74b\" data-element_type=\"container\" data-core-v316-plus=\"true\">\n\t\t<div class=\"elementor-element elementor-element-e255afc e-flex e-con-boxed elementor-invisible e-con e-child\" data-id=\"e255afc\" data-element_type=\"container\" data-settings=\"{&quot;background_background&quot;:&quot;classic&quot;,&quot;animation&quot;:&quot;fadeIn&quot;}\">\n\t\t\t\t\t<div class=\"e-con-inner\">\n\t\t<div class=\"elementor-element elementor-element-0ca286d e-con-full e-flex e-con e-child\" data-id=\"0ca286d\" data-element_type=\"container\">\n\t\t\t\t<div class=\"elementor-element elementor-element-23cb559 elementor-invisible elementor-widget elementor-widget-heading\" data-id=\"23cb559\" data-element_type=\"widget\" data-settings=\"{&quot;_animation&quot;:&quot;fadeInUp&quot;}\" data-widget_type=\"heading.default\">\n\t\t\t\t<div class=\"elementor-widget-container\">\n\t\t\t<style>\/*! elementor - v3.20.0 - 10-04-2024 *\/\n.elementor-heading-title{padding:0;margin:0;line-height:1}.elementor-widget-heading .elementor-heading-title[class*=elementor-size-]>a{color:inherit;font-size:inherit;line-height:inherit}.elementor-widget-heading .elementor-heading-title.elementor-size-small{font-size:15px}.elementor-widget-heading .elementor-heading-title.elementor-size-medium{font-size:19px}.elementor-widget-heading .elementor-heading-title.elementor-size-large{font-size:29px}.elementor-widget-heading .elementor-heading-title.elementor-size-xl{font-size:39px}.elementor-widget-heading .elementor-heading-title.elementor-size-xxl{font-size:59px}<\/style><h1 class=\"elementor-heading-title elementor-size-default\">NUESTROS SERVICIOS<\/h1>\t\t<\/div>\n\t\t\t\t<\/div>\n\t\t\t\t<\/div>\n\t\t\t\t\t<\/div>\n\t\t\t\t<\/div>\n\t\t\t\t<\/div>\n\t\t<div class=\"elementor-element elementor-element-c7a5dfb e-flex e-con-boxed e-con e-parent\" data-id=\"c7a5dfb\" data-element_type=\"container\" data-core-v316-plus=\"true\">\n\t\t\t\t\t<div class=\"e-con-inner\">\n\t\t<div class=\"elementor-element elementor-element-aa0189a e-con-full e-flex e-con e-child\" data-id=\"aa0189a\" data-element_type=\"container\" data-settings=\"{&quot;background_background&quot;:&quot;classic&quot;}\">\n\t\t<div class=\"elementor-element elementor-element-03f3b74 e-flex e-con-boxed elementor-invisible e-con e-child\" data-id=\"03f3b74\" data-element_type=\"container\" data-settings=\"{&quot;animation&quot;:&quot;fadeInUp&quot;,&quot;animation_mobile&quot;:&quot;none&quot;}\">\n\t\t\t\t\t<div class=\"e-con-inner\">\n\t\t<div class=\"elementor-element elementor-element-eaf8b7a e-con-full e-flex e-con e-child\" data-id=\"eaf8b7a\" data-element_type=\"container\">\n\t\t\t\t<div class=\"elementor-element elementor-element-663f091 elementor-widget elementor-widget-image\" data-id=\"663f091\" data-element_type=\"widget\" data-widget_type=\"image.default\">\n\t\t\t\t<div class=\"elementor-widget-container\">\n\t\t\t<style>\/*! elementor - v3.20.0 - 10-04-2024 *\/\n.elementor-widget-image{text-align:center}.elementor-widget-image a{display:inline-block}.elementor-widget-image a img[src$=\".svg\"]{width:48px}.elementor-widget-image img{vertical-align:middle;display:inline-block}<\/style>\t\t\t\t\t\t\t\t\t\t<img fetchpriority=\"high\" decoding=\"async\" width=\"720\" height=\"960\" src=\"https:\/\/expertgrass.com\/wp-content\/uploads\/2024\/03\/MODELO-ECO-3.jpg\" class=\"attachment-full size-full wp-image-226\" alt=\"\" srcset=\"https:\/\/expertgrass.com\/wp-content\/uploads\/2024\/03\/MODELO-ECO-3.jpg 720w, https:\/\/expertgrass.com\/wp-content\/uploads\/2024\/03\/MODELO-ECO-3-225x300.jpg 225w\" sizes=\"(max-width: 720px) 100vw, 720px\" \/>\t\t\t\t\t\t\t\t\t\t\t\t\t<\/div>\n\t\t\t\t<\/div>\n\t\t\t\t<\/div>\n\t\t<div class=\"elementor-element elementor-element-aa14fc4 e-con-full e-flex e-con e-child\" data-id=\"aa14fc4\" data-element_type=\"container\">\n\t\t\t\t<div class=\"elementor-element elementor-element-ce82ee0 elementor-widget elementor-widget-image\" data-id=\"ce82ee0\" data-element_type=\"widget\" data-widget_type=\"image.default\">\n\t\t\t\t<div class=\"elementor-widget-container\">\n\t\t\t\t\t\t\t\t\t\t\t\t\t<img decoding=\"async\" width=\"800\" height=\"1440\" src=\"https:\/\/expertgrass.com\/wp-content\/uploads\/2024\/03\/59954159_993336320859479_1416407268496244736_n.webp\" class=\"attachment-full size-full wp-image-126\" alt=\"\" srcset=\"https:\/\/expertgrass.com\/wp-content\/uploads\/2024\/03\/59954159_993336320859479_1416407268496244736_n.webp 800w, https:\/\/expertgrass.com\/wp-content\/uploads\/2024\/03\/59954159_993336320859479_1416407268496244736_n-167x300.webp 167w, https:\/\/expertgrass.com\/wp-content\/uploads\/2024\/03\/59954159_993336320859479_1416407268496244736_n-569x1024.webp 569w, https:\/\/expertgrass.com\/wp-content\/uploads\/2024\/03\/59954159_993336320859479_1416407268496244736_n-768x1382.webp 768w\" sizes=\"(max-width: 800px) 100vw, 800px\" \/>\t\t\t\t\t\t\t\t\t\t\t\t\t<\/div>\n\t\t\t\t<\/div>\n\t\t\t\t<\/div>\n\t\t<div class=\"elementor-element elementor-element-62f4c80 e-con-full e-flex e-con e-child\" data-id=\"62f4c80\" data-element_type=\"container\">\n\t\t\t\t<div class=\"elementor-element elementor-element-d15a36f elementor-widget elementor-widget-image\" data-id=\"d15a36f\" data-element_type=\"widget\" data-widget_type=\"image.default\">\n\t\t\t\t<div class=\"elementor-widget-container\">\n\t\t\t\t\t\t\t\t\t\t\t\t\t<img decoding=\"async\" width=\"720\" height=\"960\" src=\"https:\/\/expertgrass.com\/wp-content\/uploads\/2024\/03\/WhatsApp-Image-2024-03-23-at-20.13.40-1.webp\" class=\"attachment-full size-full wp-image-100\" alt=\"\" srcset=\"https:\/\/expertgrass.com\/wp-content\/uploads\/2024\/03\/WhatsApp-Image-2024-03-23-at-20.13.40-1.webp 720w, https:\/\/expertgrass.com\/wp-content\/uploads\/2024\/03\/WhatsApp-Image-2024-03-23-at-20.13.40-1-225x300.webp 225w\" sizes=\"(max-width: 720px) 100vw, 720px\" \/>\t\t\t\t\t\t\t\t\t\t\t\t\t<\/div>\n\t\t\t\t<\/div>\n\t\t\t\t<\/div>\n\t\t\t\t\t<\/div>\n\t\t\t\t<\/div>\n\t\t<div class=\"elementor-element elementor-element-93a9ca4 animated-fast e-flex e-con-boxed elementor-invisible e-con e-child\" data-id=\"93a9ca4\" data-element_type=\"container\" data-settings=\"{&quot;animation&quot;:&quot;fadeInUp&quot;,&quot;animation_mobile&quot;:&quot;none&quot;}\">\n\t\t\t\t\t<div class=\"e-con-inner\">\n\t\t<div class=\"elementor-element elementor-element-3deeb6f e-con-full e-flex e-con e-child\" data-id=\"3deeb6f\" data-element_type=\"container\">\n\t\t\t\t<div class=\"elementor-element elementor-element-75fbdfb elementor-view-stacked elementor-widget__width-auto elementor-absolute e-transform elementor-shape-circle elementor-widget elementor-widget-icon\" data-id=\"75fbdfb\" data-element_type=\"widget\" data-settings=\"{&quot;_position&quot;:&quot;absolute&quot;,&quot;_transform_translateX_effect_tablet&quot;:{&quot;unit&quot;:&quot;%&quot;,&quot;size&quot;:-50,&quot;sizes&quot;:[]},&quot;_transform_translateX_effect_mobile&quot;:{&quot;unit&quot;:&quot;%&quot;,&quot;size&quot;:&quot;&quot;,&quot;sizes&quot;:[]},&quot;_transform_translateX_effect&quot;:{&quot;unit&quot;:&quot;px&quot;,&quot;size&quot;:&quot;&quot;,&quot;sizes&quot;:[]},&quot;_transform_translateY_effect&quot;:{&quot;unit&quot;:&quot;px&quot;,&quot;size&quot;:&quot;&quot;,&quot;sizes&quot;:[]},&quot;_transform_translateY_effect_tablet&quot;:{&quot;unit&quot;:&quot;px&quot;,&quot;size&quot;:&quot;&quot;,&quot;sizes&quot;:[]},&quot;_transform_translateY_effect_mobile&quot;:{&quot;unit&quot;:&quot;px&quot;,&quot;size&quot;:&quot;&quot;,&quot;sizes&quot;:[]}}\" data-widget_type=\"icon.default\">\n\t\t\t\t<div class=\"elementor-widget-container\">\n\t\t\t\t\t<div class=\"elementor-icon-wrapper\">\n\t\t\t<div class=\"elementor-icon\">\n\t\t\t<svg aria-hidden=\"true\" class=\"e-font-icon-svg e-fas-atlas\" viewBox=\"0 0 448 512\" xmlns=\"http:\/\/www.w3.org\/2000\/svg\"><path d=\"M318.38 208h-39.09c-1.49 27.03-6.54 51.35-14.21 70.41 27.71-13.24 48.02-39.19 53.3-70.41zm0-32c-5.29-31.22-25.59-57.17-53.3-70.41 7.68 19.06 12.72 43.38 14.21 70.41h39.09zM224 97.31c-7.69 7.45-20.77 34.42-23.43 78.69h46.87c-2.67-44.26-15.75-71.24-23.44-78.69zm-41.08 8.28c-27.71 13.24-48.02 39.19-53.3 70.41h39.09c1.49-27.03 6.53-51.35 14.21-70.41zm0 172.82c-7.68-19.06-12.72-43.38-14.21-70.41h-39.09c5.28 31.22 25.59 57.17 53.3 70.41zM247.43 208h-46.87c2.66 44.26 15.74 71.24 23.43 78.69 7.7-7.45 20.78-34.43 23.44-78.69zM448 358.4V25.6c0-16-9.6-25.6-25.6-25.6H96C41.6 0 0 41.6 0 96v320c0 54.4 41.6 96 96 96h326.4c12.8 0 25.6-9.6 25.6-25.6v-16c0-6.4-3.2-12.8-9.6-19.2-3.2-16-3.2-60.8 0-73.6 6.4-3.2 9.6-9.6 9.6-19.2zM224 64c70.69 0 128 57.31 128 128s-57.31 128-128 128S96 262.69 96 192 153.31 64 224 64zm160 384H96c-19.2 0-32-12.8-32-32s16-32 32-32h288v64z\"><\/path><\/svg>\t\t\t<\/div>\n\t\t<\/div>\n\t\t\t\t<\/div>\n\t\t\t\t<\/div>\n\t\t\t\t<div class=\"elementor-element elementor-element-51267e3 elementor-widget elementor-widget-heading\" data-id=\"51267e3\" data-element_type=\"widget\" data-widget_type=\"heading.default\">\n\t\t\t\t<div class=\"elementor-widget-container\">\n\t\t\t<h5 class=\"elementor-heading-title elementor-size-default\">Visitas T\u00e9cnicas y Asesoramiento<\/h5>\t\t<\/div>\n\t\t\t\t<\/div>\n\t\t\t\t<div class=\"elementor-element elementor-element-6d6e849 elementor-widget elementor-widget-heading\" data-id=\"6d6e849\" data-element_type=\"widget\" data-widget_type=\"heading.default\">\n\t\t\t\t<div class=\"elementor-widget-container\">\n\t\t\t<div class=\"elementor-heading-title elementor-size-default\">Mauris, purus mi sit elementum, viverra vivamus eget aliquet ultrices neque nisl neque.<\/div>\t\t<\/div>\n\t\t\t\t<\/div>\n\t\t\t\t<\/div>\n\t\t<div class=\"elementor-element elementor-element-ff5cd78 e-con-full e-flex e-con e-child\" data-id=\"ff5cd78\" data-element_type=\"container\">\n\t\t\t\t<div class=\"elementor-element elementor-element-bb6a085 elementor-view-stacked elementor-widget__width-auto elementor-absolute e-transform elementor-shape-circle elementor-widget elementor-widget-icon\" data-id=\"bb6a085\" data-element_type=\"widget\" data-settings=\"{&quot;_position&quot;:&quot;absolute&quot;,&quot;_transform_translateX_effect_tablet&quot;:{&quot;unit&quot;:&quot;%&quot;,&quot;size&quot;:-50,&quot;sizes&quot;:[]},&quot;_transform_translateX_effect_mobile&quot;:{&quot;unit&quot;:&quot;%&quot;,&quot;size&quot;:&quot;&quot;,&quot;sizes&quot;:[]},&quot;_transform_translateX_effect&quot;:{&quot;unit&quot;:&quot;px&quot;,&quot;size&quot;:&quot;&quot;,&quot;sizes&quot;:[]},&quot;_transform_translateY_effect&quot;:{&quot;unit&quot;:&quot;px&quot;,&quot;size&quot;:&quot;&quot;,&quot;sizes&quot;:[]},&quot;_transform_translateY_effect_tablet&quot;:{&quot;unit&quot;:&quot;px&quot;,&quot;size&quot;:&quot;&quot;,&quot;sizes&quot;:[]},&quot;_transform_translateY_effect_mobile&quot;:{&quot;unit&quot;:&quot;px&quot;,&quot;size&quot;:&quot;&quot;,&quot;sizes&quot;:[]}}\" data-widget_type=\"icon.default\">\n\t\t\t\t<div class=\"elementor-widget-container\">\n\t\t\t\t\t<div class=\"elementor-icon-wrapper\">\n\t\t\t<div class=\"elementor-icon\">\n\t\t\t<svg aria-hidden=\"true\" class=\"e-font-icon-svg e-fas-table-tennis\" viewBox=\"0 0 512 512\" xmlns=\"http:\/\/www.w3.org\/2000\/svg\"><path d=\"M496.2 296.5C527.7 218.7 512 126.2 449 63.1 365.1-21 229-21 145.1 63.1l-56 56.1 211.5 211.5c46.1-62.1 131.5-77.4 195.6-34.2zm-217.9 79.7L57.9 155.9c-27.3 45.3-21.7 105 17.3 144.1l34.5 34.6L6.7 424c-8.6 7.5-9.1 20.7-1 28.8l53.4 53.5c8 8.1 21.2 7.6 28.7-1L177.1 402l35.7 35.7c19.7 19.7 44.6 30.5 70.3 33.3-7.1-17-11-35.6-11-55.1-.1-13.8 2.5-27 6.2-39.7zM416 320c-53 0-96 43-96 96s43 96 96 96 96-43 96-96-43-96-96-96z\"><\/path><\/svg>\t\t\t<\/div>\n\t\t<\/div>\n\t\t\t\t<\/div>\n\t\t\t\t<\/div>\n\t\t\t\t<div class=\"elementor-element elementor-element-aa9725d elementor-widget elementor-widget-heading\" data-id=\"aa9725d\" data-element_type=\"widget\" data-widget_type=\"heading.default\">\n\t\t\t\t<div class=\"elementor-widget-container\">\n\t\t\t<h5 class=\"elementor-heading-title elementor-size-default\">Venta e Instalaci\u00f3n de C\u00e9sped Artificial<\/h5>\t\t<\/div>\n\t\t\t\t<\/div>\n\t\t\t\t<div class=\"elementor-element elementor-element-b7f89d4 elementor-widget elementor-widget-heading\" data-id=\"b7f89d4\" data-element_type=\"widget\" data-widget_type=\"heading.default\">\n\t\t\t\t<div class=\"elementor-widget-container\">\n\t\t\t<div class=\"elementor-heading-title elementor-size-default\">Lectus enim, et id odio eros, maecenas varius urna donec nulla eget egestas tincidunt<\/div>\t\t<\/div>\n\t\t\t\t<\/div>\n\t\t\t\t<\/div>\n\t\t<div class=\"elementor-element elementor-element-b47d875 e-con-full e-flex e-con e-child\" data-id=\"b47d875\" data-element_type=\"container\">\n\t\t\t\t<div class=\"elementor-element elementor-element-1e8bde3 elementor-view-stacked elementor-widget__width-auto elementor-absolute e-transform elementor-shape-circle elementor-widget elementor-widget-icon\" data-id=\"1e8bde3\" data-element_type=\"widget\" data-settings=\"{&quot;_position&quot;:&quot;absolute&quot;,&quot;_transform_translateX_effect_tablet&quot;:{&quot;unit&quot;:&quot;%&quot;,&quot;size&quot;:-50,&quot;sizes&quot;:[]},&quot;_transform_translateX_effect_mobile&quot;:{&quot;unit&quot;:&quot;%&quot;,&quot;size&quot;:&quot;&quot;,&quot;sizes&quot;:[]},&quot;_transform_translateX_effect&quot;:{&quot;unit&quot;:&quot;px&quot;,&quot;size&quot;:&quot;&quot;,&quot;sizes&quot;:[]},&quot;_transform_translateY_effect&quot;:{&quot;unit&quot;:&quot;px&quot;,&quot;size&quot;:&quot;&quot;,&quot;sizes&quot;:[]},&quot;_transform_translateY_effect_tablet&quot;:{&quot;unit&quot;:&quot;px&quot;,&quot;size&quot;:&quot;&quot;,&quot;sizes&quot;:[]},&quot;_transform_translateY_effect_mobile&quot;:{&quot;unit&quot;:&quot;px&quot;,&quot;size&quot;:&quot;&quot;,&quot;sizes&quot;:[]}}\" data-widget_type=\"icon.default\">\n\t\t\t\t<div class=\"elementor-widget-container\">\n\t\t\t\t\t<div class=\"elementor-icon-wrapper\">\n\t\t\t<div class=\"elementor-icon\">\n\t\t\t<svg aria-hidden=\"true\" class=\"e-font-icon-svg e-fas-chart-line\" viewBox=\"0 0 512 512\" xmlns=\"http:\/\/www.w3.org\/2000\/svg\"><path d=\"M496 384H64V80c0-8.84-7.16-16-16-16H16C7.16 64 0 71.16 0 80v336c0 17.67 14.33 32 32 32h464c8.84 0 16-7.16 16-16v-32c0-8.84-7.16-16-16-16zM464 96H345.94c-21.38 0-32.09 25.85-16.97 40.97l32.4 32.4L288 242.75l-73.37-73.37c-12.5-12.5-32.76-12.5-45.25 0l-68.69 68.69c-6.25 6.25-6.25 16.38 0 22.63l22.62 22.62c6.25 6.25 16.38 6.25 22.63 0L192 237.25l73.37 73.37c12.5 12.5 32.76 12.5 45.25 0l96-96 32.4 32.4c15.12 15.12 40.97 4.41 40.97-16.97V112c.01-8.84-7.15-16-15.99-16z\"><\/path><\/svg>\t\t\t<\/div>\n\t\t<\/div>\n\t\t\t\t<\/div>\n\t\t\t\t<\/div>\n\t\t\t\t<div class=\"elementor-element elementor-element-99cf066 elementor-widget elementor-widget-heading\" data-id=\"99cf066\" data-element_type=\"widget\" data-widget_type=\"heading.default\">\n\t\t\t\t<div class=\"elementor-widget-container\">\n\t\t\t<h5 class=\"elementor-heading-title elementor-size-default\">Venta e Instalaci\u00f3n de Pasto Artificial<\/h5>\t\t<\/div>\n\t\t\t\t<\/div>\n\t\t\t\t<div class=\"elementor-element elementor-element-db9a82b elementor-widget elementor-widget-heading\" data-id=\"db9a82b\" data-element_type=\"widget\" data-widget_type=\"heading.default\">\n\t\t\t\t<div class=\"elementor-widget-container\">\n\t\t\t<div class=\"elementor-heading-title elementor-size-default\">Pellentesque mauris nec eget congue ullamcorper facilisis enim risus porta odio arcu et<\/div>\t\t<\/div>\n\t\t\t\t<\/div>\n\t\t\t\t<\/div>\n\t\t\t\t\t<\/div>\n\t\t\t\t<\/div>\n\t\t<div class=\"elementor-element elementor-element-fd2abf5 e-con-full e-flex e-con e-child\" data-id=\"fd2abf5\" data-element_type=\"container\" data-settings=\"{&quot;background_background&quot;:&quot;classic&quot;}\">\n\t\t<div class=\"elementor-element elementor-element-0231e63 e-flex e-con-boxed elementor-invisible e-con e-child\" data-id=\"0231e63\" data-element_type=\"container\" data-settings=\"{&quot;animation&quot;:&quot;fadeInUp&quot;,&quot;animation_mobile&quot;:&quot;none&quot;}\">\n\t\t\t\t\t<div class=\"e-con-inner\">\n\t\t<div class=\"elementor-element elementor-element-7d9eb7a e-con-full e-flex e-con e-child\" data-id=\"7d9eb7a\" data-element_type=\"container\">\n\t\t\t\t<div class=\"elementor-element elementor-element-a2c60fb elementor-widget elementor-widget-image\" data-id=\"a2c60fb\" data-element_type=\"widget\" data-widget_type=\"image.default\">\n\t\t\t\t<div class=\"elementor-widget-container\">\n\t\t\t\t\t\t\t\t\t\t\t\t\t<img fetchpriority=\"high\" decoding=\"async\" width=\"720\" height=\"960\" src=\"https:\/\/expertgrass.com\/wp-content\/uploads\/2024\/03\/MODELO-ECO-3.jpg\" class=\"attachment-full size-full wp-image-226\" alt=\"\" srcset=\"https:\/\/expertgrass.com\/wp-content\/uploads\/2024\/03\/MODELO-ECO-3.jpg 720w, https:\/\/expertgrass.com\/wp-content\/uploads\/2024\/03\/MODELO-ECO-3-225x300.jpg 225w\" sizes=\"(max-width: 720px) 100vw, 720px\" \/>\t\t\t\t\t\t\t\t\t\t\t\t\t<\/div>\n\t\t\t\t<\/div>\n\t\t\t\t<\/div>\n\t\t<div class=\"elementor-element elementor-element-9c82aa8 e-con-full e-flex e-con e-child\" data-id=\"9c82aa8\" data-element_type=\"container\">\n\t\t\t\t<div class=\"elementor-element elementor-element-f1e77d9 elementor-widget elementor-widget-image\" data-id=\"f1e77d9\" data-element_type=\"widget\" data-widget_type=\"image.default\">\n\t\t\t\t<div class=\"elementor-widget-container\">\n\t\t\t\t\t\t\t\t\t\t\t\t\t<img decoding=\"async\" width=\"800\" height=\"1440\" src=\"https:\/\/expertgrass.com\/wp-content\/uploads\/2024\/03\/59954159_993336320859479_1416407268496244736_n.webp\" class=\"attachment-full size-full wp-image-126\" alt=\"\" srcset=\"https:\/\/expertgrass.com\/wp-content\/uploads\/2024\/03\/59954159_993336320859479_1416407268496244736_n.webp 800w, https:\/\/expertgrass.com\/wp-content\/uploads\/2024\/03\/59954159_993336320859479_1416407268496244736_n-167x300.webp 167w, https:\/\/expertgrass.com\/wp-content\/uploads\/2024\/03\/59954159_993336320859479_1416407268496244736_n-569x1024.webp 569w, https:\/\/expertgrass.com\/wp-content\/uploads\/2024\/03\/59954159_993336320859479_1416407268496244736_n-768x1382.webp 768w\" sizes=\"(max-width: 800px) 100vw, 800px\" \/>\t\t\t\t\t\t\t\t\t\t\t\t\t<\/div>\n\t\t\t\t<\/div>\n\t\t\t\t<\/div>\n\t\t\t\t\t<\/div>\n\t\t\t\t<\/div>\n\t\t<div class=\"elementor-element elementor-element-66f4ef3 animated-fast e-flex e-con-boxed elementor-invisible e-con e-child\" data-id=\"66f4ef3\" data-element_type=\"container\" data-settings=\"{&quot;animation&quot;:&quot;fadeInUp&quot;,&quot;animation_mobile&quot;:&quot;none&quot;}\">\n\t\t\t\t\t<div class=\"e-con-inner\">\n\t\t<div class=\"elementor-element elementor-element-2df2eab e-con-full e-flex e-con e-child\" data-id=\"2df2eab\" data-element_type=\"container\">\n\t\t\t\t<div class=\"elementor-element elementor-element-fef9c16 elementor-view-stacked elementor-widget__width-auto elementor-absolute e-transform elementor-shape-circle elementor-widget elementor-widget-icon\" data-id=\"fef9c16\" data-element_type=\"widget\" data-settings=\"{&quot;_position&quot;:&quot;absolute&quot;,&quot;_transform_translateX_effect_tablet&quot;:{&quot;unit&quot;:&quot;%&quot;,&quot;size&quot;:-50,&quot;sizes&quot;:[]},&quot;_transform_translateX_effect_mobile&quot;:{&quot;unit&quot;:&quot;%&quot;,&quot;size&quot;:&quot;&quot;,&quot;sizes&quot;:[]},&quot;_transform_translateX_effect&quot;:{&quot;unit&quot;:&quot;px&quot;,&quot;size&quot;:&quot;&quot;,&quot;sizes&quot;:[]},&quot;_transform_translateY_effect&quot;:{&quot;unit&quot;:&quot;px&quot;,&quot;size&quot;:&quot;&quot;,&quot;sizes&quot;:[]},&quot;_transform_translateY_effect_tablet&quot;:{&quot;unit&quot;:&quot;px&quot;,&quot;size&quot;:&quot;&quot;,&quot;sizes&quot;:[]},&quot;_transform_translateY_effect_mobile&quot;:{&quot;unit&quot;:&quot;px&quot;,&quot;size&quot;:&quot;&quot;,&quot;sizes&quot;:[]}}\" data-widget_type=\"icon.default\">\n\t\t\t\t<div class=\"elementor-widget-container\">\n\t\t\t\t\t<div class=\"elementor-icon-wrapper\">\n\t\t\t<div class=\"elementor-icon\">\n\t\t\t<svg aria-hidden=\"true\" class=\"e-font-icon-svg e-fas-atlas\" viewBox=\"0 0 448 512\" xmlns=\"http:\/\/www.w3.org\/2000\/svg\"><path d=\"M318.38 208h-39.09c-1.49 27.03-6.54 51.35-14.21 70.41 27.71-13.24 48.02-39.19 53.3-70.41zm0-32c-5.29-31.22-25.59-57.17-53.3-70.41 7.68 19.06 12.72 43.38 14.21 70.41h39.09zM224 97.31c-7.69 7.45-20.77 34.42-23.43 78.69h46.87c-2.67-44.26-15.75-71.24-23.44-78.69zm-41.08 8.28c-27.71 13.24-48.02 39.19-53.3 70.41h39.09c1.49-27.03 6.53-51.35 14.21-70.41zm0 172.82c-7.68-19.06-12.72-43.38-14.21-70.41h-39.09c5.28 31.22 25.59 57.17 53.3 70.41zM247.43 208h-46.87c2.66 44.26 15.74 71.24 23.43 78.69 7.7-7.45 20.78-34.43 23.44-78.69zM448 358.4V25.6c0-16-9.6-25.6-25.6-25.6H96C41.6 0 0 41.6 0 96v320c0 54.4 41.6 96 96 96h326.4c12.8 0 25.6-9.6 25.6-25.6v-16c0-6.4-3.2-12.8-9.6-19.2-3.2-16-3.2-60.8 0-73.6 6.4-3.2 9.6-9.6 9.6-19.2zM224 64c70.69 0 128 57.31 128 128s-57.31 128-128 128S96 262.69 96 192 153.31 64 224 64zm160 384H96c-19.2 0-32-12.8-32-32s16-32 32-32h288v64z\"><\/path><\/svg>\t\t\t<\/div>\n\t\t<\/div>\n\t\t\t\t<\/div>\n\t\t\t\t<\/div>\n\t\t\t\t<div class=\"elementor-element elementor-element-c768502 elementor-widget elementor-widget-heading\" data-id=\"c768502\" data-element_type=\"widget\" data-widget_type=\"heading.default\">\n\t\t\t\t<div class=\"elementor-widget-container\">\n\t\t\t<h5 class=\"elementor-heading-title elementor-size-default\">Mantenimiento de Grass Deportivo<\/h5>\t\t<\/div>\n\t\t\t\t<\/div>\n\t\t\t\t<div class=\"elementor-element elementor-element-3784da1 elementor-widget elementor-widget-heading\" data-id=\"3784da1\" data-element_type=\"widget\" data-widget_type=\"heading.default\">\n\t\t\t\t<div class=\"elementor-widget-container\">\n\t\t\t<div class=\"elementor-heading-title elementor-size-default\">Mauris, purus mi sit elementum, viverra vivamus eget aliquet ultrices neque nisl neque.<\/div>\t\t<\/div>\n\t\t\t\t<\/div>\n\t\t\t\t<\/div>\n\t\t<div class=\"elementor-element elementor-element-6f65ff3 e-con-full e-flex e-con e-child\" data-id=\"6f65ff3\" data-element_type=\"container\">\n\t\t\t\t<div class=\"elementor-element elementor-element-68bbfe6 elementor-view-stacked elementor-widget__width-auto elementor-absolute e-transform elementor-shape-circle elementor-widget elementor-widget-icon\" data-id=\"68bbfe6\" data-element_type=\"widget\" data-settings=\"{&quot;_position&quot;:&quot;absolute&quot;,&quot;_transform_translateX_effect_tablet&quot;:{&quot;unit&quot;:&quot;%&quot;,&quot;size&quot;:-50,&quot;sizes&quot;:[]},&quot;_transform_translateX_effect_mobile&quot;:{&quot;unit&quot;:&quot;%&quot;,&quot;size&quot;:&quot;&quot;,&quot;sizes&quot;:[]},&quot;_transform_translateX_effect&quot;:{&quot;unit&quot;:&quot;px&quot;,&quot;size&quot;:&quot;&quot;,&quot;sizes&quot;:[]},&quot;_transform_translateY_effect&quot;:{&quot;unit&quot;:&quot;px&quot;,&quot;size&quot;:&quot;&quot;,&quot;sizes&quot;:[]},&quot;_transform_translateY_effect_tablet&quot;:{&quot;unit&quot;:&quot;px&quot;,&quot;size&quot;:&quot;&quot;,&quot;sizes&quot;:[]},&quot;_transform_translateY_effect_mobile&quot;:{&quot;unit&quot;:&quot;px&quot;,&quot;size&quot;:&quot;&quot;,&quot;sizes&quot;:[]}}\" data-widget_type=\"icon.default\">\n\t\t\t\t<div class=\"elementor-widget-container\">\n\t\t\t\t\t<div class=\"elementor-icon-wrapper\">\n\t\t\t<div class=\"elementor-icon\">\n\t\t\t<svg aria-hidden=\"true\" class=\"e-font-icon-svg e-fas-table-tennis\" viewBox=\"0 0 512 512\" xmlns=\"http:\/\/www.w3.org\/2000\/svg\"><path d=\"M496.2 296.5C527.7 218.7 512 126.2 449 63.1 365.1-21 229-21 145.1 63.1l-56 56.1 211.5 211.5c46.1-62.1 131.5-77.4 195.6-34.2zm-217.9 79.7L57.9 155.9c-27.3 45.3-21.7 105 17.3 144.1l34.5 34.6L6.7 424c-8.6 7.5-9.1 20.7-1 28.8l53.4 53.5c8 8.1 21.2 7.6 28.7-1L177.1 402l35.7 35.7c19.7 19.7 44.6 30.5 70.3 33.3-7.1-17-11-35.6-11-55.1-.1-13.8 2.5-27 6.2-39.7zM416 320c-53 0-96 43-96 96s43 96 96 96 96-43 96-96-43-96-96-96z\"><\/path><\/svg>\t\t\t<\/div>\n\t\t<\/div>\n\t\t\t\t<\/div>\n\t\t\t\t<\/div>\n\t\t\t\t<div class=\"elementor-element elementor-element-c9c1ad9 elementor-widget elementor-widget-heading\" data-id=\"c9c1ad9\" data-element_type=\"widget\" data-widget_type=\"heading.default\">\n\t\t\t\t<div class=\"elementor-widget-container\">\n\t\t\t<h5 class=\"elementor-heading-title elementor-size-default\">Mantenimiento de Grass Decorativo<\/h5>\t\t<\/div>\n\t\t\t\t<\/div>\n\t\t\t\t<div class=\"elementor-element elementor-element-653a182 elementor-widget elementor-widget-heading\" data-id=\"653a182\" data-element_type=\"widget\" data-widget_type=\"heading.default\">\n\t\t\t\t<div class=\"elementor-widget-container\">\n\t\t\t<div class=\"elementor-heading-title elementor-size-default\">Lectus enim, et id odio eros, maecenas varius urna donec nulla eget egestas tincidunt<\/div>\t\t<\/div>\n\t\t\t\t<\/div>\n\t\t\t\t<\/div>\n\t\t\t\t\t<\/div>\n\t\t\t\t<\/div>\n\t\t\t\t<\/div>\n\t\t\t\t<\/div>\n\t\t\t\t\t<\/div>\n\t\t\t\t<\/div>\n\t\t\t\t<\/div>\n\t\t","protected":false},"excerpt":{"rendered":"<p>NUESTROS SERVICIOS Visitas T\u00e9cnicas y Asesoramiento Mauris, purus mi sit elementum, viverra vivamus eget aliquet ultrices neque nisl neque. Venta e Instalaci\u00f3n de C\u00e9sped Artificial Lectus enim, et id odio eros, maecenas varius urna donec nulla eget egestas tincidunt Venta e Instalaci\u00f3n de Pasto Artificial Pellentesque mauris nec eget congue ullamcorper facilisis enim risus porta [&hellip;]<\/p>\n","protected":false},"author":1,"featured_media":0,"parent":0,"menu_order":0,"comment_status":"closed","ping_status":"closed","template":"elementor_header_footer","meta":{"footnotes":""},"class_list":["post-240","page","type-page","status-publish","hentry"],"_links":{"self":[{"href":"https:\/\/expertgrass.com\/index.php\/wp-json\/wp\/v2\/pages\/240","targetHints":{"allow":["GET"]}}],"collection":[{"href":"https:\/\/expertgrass.com\/index.php\/wp-json\/wp\/v2\/pages"}],"about":[{"href":"https:\/\/expertgrass.com\/index.php\/wp-json\/wp\/v2\/types\/page"}],"author":[{"embeddable":true,"href":"https:\/\/expertgrass.com\/index.php\/wp-json\/wp\/v2\/users\/1"}],"replies":[{"embeddable":true,"href":"https:\/\/expertgrass.com\/index.php\/wp-json\/wp\/v2\/comments?post=240"}],"version-history":[{"count":10,"href":"https:\/\/expertgrass.com\/index.php\/wp-json\/wp\/v2\/pages\/240\/revisions"}],"predecessor-version":[{"id":814,"href":"https:\/\/expertgrass.com\/index.php\/wp-json\/wp\/v2\/pages\/240\/revisions\/814"}],"wp:attachment":[{"href":"https:\/\/expertgrass.com\/index.php\/wp-json\/wp\/v2\/media?parent=240"}],"curies":[{"name":"wp","href":"https:\/\/api.w.org\/{rel}","templated":true}]}}